{"id":2,"date":"2025-07-13T00:16:22","date_gmt":"2025-07-13T00:16:22","guid":{"rendered":"https:\/\/ledoejepc.dk\/?page_id=2"},"modified":"2025-07-14T00:42:42","modified_gmt":"2025-07-13T22:42:42","slug":"sample-page","status":"publish","type":"page","link":"https:\/\/ledoejepc.dk\/index.php\/sample-page\/","title":{"rendered":"Led\u00f8je Petanque Club"},"content":{"rendered":"\n<p>Hjemmesiden er ved at blive overf\u00f8rt til WordPress .W..<\/p>\n\n\n\n\n<!DOCTYPE HTML PUBLIC \"-\/\/W3C\/\/DTD HTML 4.01 Transitional\/\/EN\">\n<html>\n  <head>\n    <title>Led\u00f8je Petanque Club<\/title>\n    <meta http-equiv=\"Content-Type\" content=\"text\/html; charset=windows-1252\">\n    <meta http-equiv=\"Content-Language\" content=\"da\">\n    <link rel=\"stylesheet\" type=\"text\/css\" href=\"..\/lpc.css\">\n    <base target=\"_blank\">\n  <\/head>\n  <body style=\"width:1200px\">\n    <center>\n      <table frame=\"box\" border=\"0\" cellpadding=\"10\" cellspacing=\"0\" width=\n      \"100%\">\n        <tr>\n          <td valign=\"top\" width=\"50%\">\n            <img decoding=\"async\" src=\"forsidelogo.jpg\" alt=\"LPC Logo\" width=\"250\"> <img decoding=\"async\" width=\n            \"226\" src=\"..\/Images\/LPC%20skilt%202014.JPG\"><br>\n            L\u00e6s om Led\u00f8je Petanque Club og vores aktiviteter her p\u00e5\n            hjemmesiden.<br>\n            Kom dern\u00e6st ud oplev stemningen i klubben og pr\u00f8v nogle af Danmarks\n            smukkest beliggende petanquebaner.<br>\n            <i>&#8230; og alle kan v\u00e6re med &#8230;<\/i><br>\n            <br>\n            Klubhus og baneanl\u00e6g er beliggende ved Led\u00f8je Gl. Skole p\u00e5 adressen:<br>\n            Led\u00f8je S\u00f8ndre Gade 7, 2765 Sm\u00f8rum<br><br>\n            Find os p\u00e5 <a target=\"_blank\" href=\n            \"http:\/\/map.krak.dk\/m\/I9Fru\">KRAK<\/a> \/ se banernes beliggenhed p\u00e5\n            <a href=\n            \"https:\/\/www.google.dk\/maps\/place\/55%C2%B042'32.9%22N+12%C2%B017'57.4%22E\/@55.709138,12.2983379,220m\/data=!3m2!1e3!4b1!4m6!3m5!1s0x0:0x0!7e2!8m2!3d55.7091379!4d12.2992631\"\n            target=\"_blank\">Google Maps<\/a><br>\n            <br><br>\n            <i>Vi modtager MobilePay<\/i><br>\n            <img decoding=\"async\" src=\"..\/Images\/MobilePay betalingslink.jpg\" width=250>\n           \n          <\/td>\n          <td valign=\"top\">\n            <h2>Kommende aktiviteter i Led\u00f8je Petanque Club<\/h2>\n&nbsp;<br>            \n<b>Sponsorst\u00e6vne<\/b><br>\nL\u00f8rdag, 14. juni 10:00-16:00<br><br>\n\n<b>Petanque og grill<\/b><br>\nOnsdag, 18. juni 18:00-20:30<br><br>\n\n<b>Petanque og grill<\/b><br>\nOnsdag, 13. august 18:00-20:30<br><br>\n\n<b>DGI slutspil<\/b><br>\nL\u00f8rdag, 23. august 2025 09:00-18:30<br><br>\n\n<b>Petanque og grill<\/b><br>\nOnsdag, 27. august 18:00-20:30<br><br>\n\n<b>Intern holdturnering<\/b><br>\nL\u00f8rdag, 6. september 2025 10:00-15:00<br><br>\n\n<b>Generalforsamling og middag<\/b><br>\nFredag, 24. oktober 202518:30-22:00<br><br>\n\n<b>Andespil<\/b><br>\nL\u00f8rdag, 22. november 2025 10:00-15:00<br>\n<br><br>\n<h2>Invitationer<\/h2><br>\nVil du med til <b>DGI Stafetten i Stork\u00f8benhavn<\/a><\/b> tirsdage kl. 18:00?<br>\nSe under <a href=https:\/\/ledoejepc.dk\/lpc-web\/Kalender\/dgistafetten.html>Kalender<\/a><br>\n<br>\nVil du med til <b>Formiddagspetanque i Nordsj\u00e6llsnd?<\/b><br>\nSe under <a href=https:\/\/ledoejepc.dk\/lpc-web\/Kalender\/DGI%20formiddagspetanque.html>Kalender<\/a><br>\n            \n<!---\n            <br>&nbsp;<br><br>\n<h1>Flaghejsning og <br>\n\u00e5bningsturnering<br>\n 30. marts 2025 13:00<\/h1>\n            <br>\n\n<br>\n\n\n<img src= \"..\/Images\/2024-04-07-Flaghejsning.png\" width=300><br>\n--->\n<br>&nbsp;<br>\n<h3>Se fotos fra sponsorst\u00e6vner<\/h3>\n<br>\n<a href=\"https:\/\/photos.app.goo.gl\/ysMHhPow26GteM8d8\">Sponsorst\u00e6vne 10. juni 2023<\/a><br><br>\n<a href=\"https:\/\/photos.app.goo.gl\/ahoQUSLUeCeaMPgZ6\">Sponsorst\u00e6vne 6. juni 2022<\/a><br><br>\n<a href=\"https:\/\/photos.app.goo.gl\/WqUTAafdr2gWMo3Z6\">Sponsorst\u00e6vne 4. september 2021<\/a><br><br>\n<a href=\"https:\/\/photos.app.goo.gl\/apXhwuNs4NRRefj27\">Sponsorst\u00e6vne 9. september 2020<\/a><br><br>\n<br>\n\n<\/td> <\/tr><!-- <iframe loading=\"lazy\" src=\"lpc-nyt.htm\" width=\"100%\" height=\"255\"\nframeborder=\"0\"> <p>Your browser does not support iframes.<\/p> <\/iframe> -->\n<!-- <td valign=\"top\"> <iframe loading=\"lazy\" src=\"best-nyt.htm\" width=\"100%\" height=\"255\"\nframeborder=\"0\"> <p>Your browser does not support iframes.<\/p> <\/iframe><br>\n<\/td> --> <\/table> <\/center>Sidst opdateret 14.09.2023<br> <\/body> <\/html>\n\n","protected":false},"excerpt":{"rendered":"<p>Hjemmesiden er ved at blive overf\u00f8rt til WordPress .W.. Led\u00f8je Petanque Club L\u00e6s om Led\u00f8je Petanque Club og vores aktiviteter her p\u00e5 hjemmesiden. Kom dern\u00e6st ud oplev stemningen i klubben og pr\u00f8v nogle af Danmarks smukkest beliggende petanquebaner. &#8230; og alle kan v\u00e6re med &#8230; Klubhus og baneanl\u00e6g er beliggende ved Led\u00f8je Gl. Skole p\u00e5 [&hellip;]<\/p>\n","protected":false},"author":1,"featured_media":0,"parent":0,"menu_order":0,"comment_status":"closed","ping_status":"open","template":"","meta":{"footnotes":""},"class_list":["post-2","page","type-page","status-publish","hentry"],"_links":{"self":[{"href":"https:\/\/ledoejepc.dk\/index.php\/wp-json\/wp\/v2\/pages\/2","targetHints":{"allow":["GET"]}}],"collection":[{"href":"https:\/\/ledoejepc.dk\/index.php\/wp-json\/wp\/v2\/pages"}],"about":[{"href":"https:\/\/ledoejepc.dk\/index.php\/wp-json\/wp\/v2\/types\/page"}],"author":[{"embeddable":true,"href":"https:\/\/ledoejepc.dk\/index.php\/wp-json\/wp\/v2\/users\/1"}],"replies":[{"embeddable":true,"href":"https:\/\/ledoejepc.dk\/index.php\/wp-json\/wp\/v2\/comments?post=2"}],"version-history":[{"count":4,"href":"https:\/\/ledoejepc.dk\/index.php\/wp-json\/wp\/v2\/pages\/2\/revisions"}],"predecessor-version":[{"id":20,"href":"https:\/\/ledoejepc.dk\/index.php\/wp-json\/wp\/v2\/pages\/2\/revisions\/20"}],"wp:attachment":[{"href":"https:\/\/ledoejepc.dk\/index.php\/wp-json\/wp\/v2\/media?parent=2"}],"curies":[{"name":"wp","href":"https:\/\/api.w.org\/{rel}","templated":true}]}}